{"id":25129,"date":"2025-12-18T12:27:41","date_gmt":"2025-12-18T11:27:41","guid":{"rendered":"https:\/\/schloss-johannisberg.de\/?post_type=product&#038;p=25129"},"modified":"2025-12-18T12:28:16","modified_gmt":"2025-12-18T11:28:16","slug":"2024-schloss-johannisberg-orangelack-kabinett-075l","status":"publish","type":"product","link":"https:\/\/schloss-johannisberg.de\/en\/product\/2024-schloss-johannisberg-orangelack-kabinett-075l\/","title":{"rendered":"2024 Schloss Johannisberg Orangelack Kabinett 0,75L"},"content":{"rendered":"","protected":false},"excerpt":{"rendered":"<p>Ein perfekter Kontrast zwischen vibrierender S\u00e4ure, zarter Fruchts\u00fc\u00dfe und geradliniger K\u00fchle.<\/p>\n<ul>\n<li>Deutscher Pr\u00e4dikatswein \u2013 g.U. Rheingau<\/li>\n<li>10,0 % Vol.<\/li>\n<li>Enth\u00e4lt Sulfite<\/li>\n<\/ul>\n","protected":false},"featured_media":25127,"template":"","meta":{"_acf_changed":false,"_seopress_robots_primary_cat":"none","_seopress_titles_title":"","_seopress_titles_desc":"","_seopress_robots_index":"","footnotes":""},"product_brand":[],"product_cat":[298],"product_tag":[],"class_list":{"0":"post-25129","1":"product","2":"type-product","3":"status-publish","4":"has-post-thumbnail","6":"product_cat-orangelack","7":"product_shipping_class-standard-en","8":"pa_brand-schloss-johannisberg-en","9":"pa_geschmackgrad-off-dry","10":"pa_qualitaetsstufen-orangelack","12":"first","13":"instock","14":"taxable","15":"shipping-taxable","16":"purchasable","17":"product-type-simple"},"acf":[],"_links":{"self":[{"href":"https:\/\/schloss-johannisberg.de\/en\/wp-json\/wp\/v2\/product\/25129","targetHints":{"allow":["GET"]}}],"collection":[{"href":"https:\/\/schloss-johannisberg.de\/en\/wp-json\/wp\/v2\/product"}],"about":[{"href":"https:\/\/schloss-johannisberg.de\/en\/wp-json\/wp\/v2\/types\/product"}],"version-history":[{"count":1,"href":"https:\/\/schloss-johannisberg.de\/en\/wp-json\/wp\/v2\/product\/25129\/revisions"}],"predecessor-version":[{"id":25130,"href":"https:\/\/schloss-johannisberg.de\/en\/wp-json\/wp\/v2\/product\/25129\/revisions\/25130"}],"wp:featuredmedia":[{"embeddable":true,"href":"https:\/\/schloss-johannisberg.de\/en\/wp-json\/wp\/v2\/media\/25127"}],"wp:attachment":[{"href":"https:\/\/schloss-johannisberg.de\/en\/wp-json\/wp\/v2\/media?parent=25129"}],"wp:term":[{"taxonomy":"product_brand","embeddable":true,"href":"https:\/\/schloss-johannisberg.de\/en\/wp-json\/wp\/v2\/product_brand?post=25129"},{"taxonomy":"product_cat","embeddable":true,"href":"https:\/\/schloss-johannisberg.de\/en\/wp-json\/wp\/v2\/product_cat?post=25129"},{"taxonomy":"product_tag","embeddable":true,"href":"https:\/\/schloss-johannisberg.de\/en\/wp-json\/wp\/v2\/product_tag?post=25129"}],"curies":[{"name":"wp","href":"https:\/\/api.w.org\/{rel}","templated":true}]}}