{"id":19531,"date":"2024-01-15T10:18:13","date_gmt":"2024-01-15T09:18:15","guid":{"rendered":"https:\/\/schloss-johannisberg.de\/produkt\/schloss-vermouth-075l-limitierte-auflage-der-perfekte-aperitiv-2\/"},"modified":"2025-10-29T13:26:54","modified_gmt":"2025-10-29T12:26:54","slug":"schloss-vermouth-075l-limitierte-auflage-der-perfekte-aperitiv-2","status":"publish","type":"product","link":"https:\/\/schloss-johannisberg.de\/en\/product\/schloss-vermouth-075l-limitierte-auflage-der-perfekte-aperitiv-2\/","title":{"rendered":"SCHLOSS VERMOUTH Small Batch 0,75l \u2013 THE PERFECT APERITIF"},"content":{"rendered":"","protected":false},"excerpt":{"rendered":"<p>Hergestellt aus Schloss Johannisberger Gr\u00fcnlack Sp\u00e4tlese, erg\u00e4nzt durch feinste Botanicals, abgerundet durch das zarte Aroma der Bitterorange aus dem Schlossgarten.<\/p>\n<ul>\n<li>16 vol% Alkohol<\/li>\n<\/ul>\n","protected":false},"featured_media":24325,"template":"","meta":{"_acf_changed":false,"_seopress_robots_primary_cat":"none","_seopress_titles_title":"","_seopress_titles_desc":"","_seopress_robots_index":"","footnotes":""},"product_brand":[],"product_cat":[163,194],"product_tag":[],"class_list":{"0":"post-19531","1":"product","2":"type-product","3":"status-publish","4":"has-post-thumbnail","6":"product_cat-spirits","7":"product_cat-vermouth","8":"product_shipping_class-standard-en","9":"pa_angebote-angebote-en","10":"pa_qualitaetsstufen-spirits","12":"first","13":"instock","14":"taxable","15":"shipping-taxable","16":"purchasable","17":"product-type-simple"},"acf":[],"_links":{"self":[{"href":"https:\/\/schloss-johannisberg.de\/en\/wp-json\/wp\/v2\/product\/19531","targetHints":{"allow":["GET"]}}],"collection":[{"href":"https:\/\/schloss-johannisberg.de\/en\/wp-json\/wp\/v2\/product"}],"about":[{"href":"https:\/\/schloss-johannisberg.de\/en\/wp-json\/wp\/v2\/types\/product"}],"version-history":[{"count":5,"href":"https:\/\/schloss-johannisberg.de\/en\/wp-json\/wp\/v2\/product\/19531\/revisions"}],"predecessor-version":[{"id":23401,"href":"https:\/\/schloss-johannisberg.de\/en\/wp-json\/wp\/v2\/product\/19531\/revisions\/23401"}],"wp:featuredmedia":[{"embeddable":true,"href":"https:\/\/schloss-johannisberg.de\/en\/wp-json\/wp\/v2\/media\/24325"}],"wp:attachment":[{"href":"https:\/\/schloss-johannisberg.de\/en\/wp-json\/wp\/v2\/media?parent=19531"}],"wp:term":[{"taxonomy":"product_brand","embeddable":true,"href":"https:\/\/schloss-johannisberg.de\/en\/wp-json\/wp\/v2\/product_brand?post=19531"},{"taxonomy":"product_cat","embeddable":true,"href":"https:\/\/schloss-johannisberg.de\/en\/wp-json\/wp\/v2\/product_cat?post=19531"},{"taxonomy":"product_tag","embeddable":true,"href":"https:\/\/schloss-johannisberg.de\/en\/wp-json\/wp\/v2\/product_tag?post=19531"}],"curies":[{"name":"wp","href":"https:\/\/api.w.org\/{rel}","templated":true}]}}